{"id":74,"date":"2018-06-08T12:39:44","date_gmt":"2018-06-08T10:39:44","guid":{"rendered":"http:\/\/www.investors-communication-group.de\/wpicg\/?page_id=74"},"modified":"2021-03-13T12:54:30","modified_gmt":"2021-03-13T11:54:30","slug":"mitgliedschaft","status":"publish","type":"page","link":"https:\/\/www.investors-communication-group.de\/index.php\/der-verein\/mitgliedschaft\/","title":{"rendered":"Mitgliedschaft"},"content":{"rendered":"<h3 id=\"a3\" class=\"heading3\">Sie m\u00f6chten Ihre Interessen zusammen mit anderen Aktion\u00e4ren vertreten?<\/h3>\n<p>&nbsp;<\/p>\n<p>Es gibt viele gute Gr\u00fcnde f\u00fcr eine Mitgliedschaft:<\/p>\n<ul>\n<li>Sie sind Aktion\u00e4r und m\u00f6chten Ihre Rechte besser wahrnehmen?<\/li>\n<li>Sie m\u00f6chten auf Hauptversammlungen Ihre Anliegen deutlicher formulieren und sich dazu mit anderen Aktion\u00e4ren austauschen?<\/li>\n<li>Sie m\u00f6chten Ihre pers\u00f6nlichen Anlageentscheidungen auf der Grundlage einer Sicht auf das F\u00fcr und Wider treffen, sie sch\u00e4tzen die Vielfalt der Meinungen?<\/li>\n<li>Sie hinterfragen gerne kritisch?<\/li>\n<li>Sie tauschen sich gerne mit anderen \u00fcber Aktien, Unternehmen, Aktion\u00e4rsrechte, Aktienkultur und Verbraucherschutz aus?<\/li>\n<li>Sie wollen eigenes aktienrechtliches Wissen vertiefen, andere daran teilhaben lassen und setzen darauf, die unterschiedlichen Erfahrungen und Hintergr\u00fcnde der Mitglieder gemeinsam nutzbar zu machen?<\/li>\n<li>Sie m\u00f6chten die Aufgaben und Ziele des ICG e.V. unterst\u00fctzen, sich unterst\u00fctzen lassen oder selbst aktiv werden?<\/li>\n<li>Sie sch\u00e4tzen die Idee und die Zielsetzung der Investors Communication Group e.V.?<\/li>\n<\/ul>\n<p>Es gibt ganz unterschiedliche und gute Gr\u00fcnde f\u00fcr den ICG &#8211; wir laden Sie ein, werden Sie Mitglied!<\/p>\n<p>Der Austausch in der Investors Communication Group e.V. findet zum \u00fcberwiegenden Teil \u00fcber eine Internetplattform, das &#8222;Forum plaza&#8220; statt. Mit der Mitgliedschaft erhalten Sie einen Zugang zu diesem Forum. Das &#8222;Forum plaza&#8220; ist den Mitgliedern vorbehalten. Hier kann ungezwungen diskutiert, Information verf\u00fcgbar gemacht und sich ausgetauscht werden. Das Forum ist gewisserma\u00dfen der Dreh- und Angelpunkt der ICG e.V.<br \/>\nDokumente und Informationen, die wir im Rahmen unseres Engagements oder spezifischer Recherchen erhalten, werden Mitgliedern kostenfrei verf\u00fcgbar gemacht.<\/p>\n<p>Nat\u00fcrlich gibt es dar\u00fcber hinaus noch weitere Aktivit\u00e4ten und Initiativen. Mitglieder lernen sich kennen und vertrauen &#8211; so entsteht ein Netzwerk.<\/p>\n<p>Die Mitglieder der Investors Communication Group e.V. sind deutschlandweit unterwegs. Sie finden \u00fcber das &#8222;Forum plaza&#8220; immer wieder zusammen und verabreden sich. Bei Bedarf gibt es Regionaltreffen, im Norden oder S\u00fcden oder anl\u00e4sslich einer Hauptversammlung. Die Mitglieder des ICG e.V. sind \u00fcberwiegend aus Deutschland, doch auch aus den Nachbarl\u00e4ndern, der Europ\u00e4ischen Union, finden Mitglieder zu uns.<\/p>\n<p><b class=\"contentbold\">Wie werde ich Mitglied?<\/b><\/p>\n<ol class=\"orderedlist\">\n<li class=\"listitem\">Schauen Sie sich auf unserer Homepage um, lesen Sie die <span style=\"color: #3366ff;\"><a class=\"file\" style=\"color: #3366ff;\" title=\"ICG_Satzung.pdf herunterladen\" href=\"https:\/\/www.investors-communication-group.de\/icg-form-down\/ICG_Satzung.pdf\" target=\"_blank\" rel=\"nofollow noopener\">Satzung<\/a> <\/span>(<i class=\"contentitalic\">zum Herunterladen im pdf-Format<\/i>) und nehmen Sie Kontakt mit uns auf.<\/li>\n<li class=\"listitem\">Laden Sie den <a class=\"file\" title=\"AnmeldungMitgliedschaft.pdf herunterladen\" href=\"https:\/\/www.investors-communication-group.de\/icg-form-down\/AntragMitgliedschaft-ICG.pdf\" target=\"_blank\" rel=\"nofollow noopener\"><span style=\"color: #3366ff;\">Mitgliedsantrag<\/span><\/a> herunter, ausf\u00fcllen und unterschrieben an uns absenden (per Post, Mail oder Fax).<\/li>\n<\/ol>\n<p>(Sie k\u00f6nnen uns auch eine eMail oder Nachricht (von dieser Webseite) mit Ihren Kontaktdaten senden, mit Fragen zur Mitgliedschaft)<\/p>\n<p>\u00dcber das weitere Vorgehen und den Zugang zum Forum plaza erhalten Sie von uns eine Nachricht.<br \/>\nSprechen Sie uns an, fragen Sie nach den M\u00f6glichkeiten.<\/p>\n<h2 id=\"a4\" class=\"heading2\">Wir freuen uns auf Sie und bedanken uns f\u00fcr Ihr Vertrauen.<\/h2>\n","protected":false},"excerpt":{"rendered":"<p>Sie m\u00f6chten Ihre Interessen zusammen mit anderen Aktion\u00e4ren vertreten? &nbsp; Es gibt viele gute Gr\u00fcnde f\u00fcr eine Mitgliedschaft: Sie sind Aktion\u00e4r und m\u00f6chten Ihre Rechte besser wahrnehmen? Sie m\u00f6chten auf Hauptversammlungen Ihre Anliegen deutlicher formulieren und sich dazu mit anderen Aktion\u00e4ren austauschen? Sie m\u00f6chten Ihre pers\u00f6nlichen Anlageentscheidungen auf der Grundlage einer Sicht auf das F\u00fcr &hellip; <\/p>\n<p class=\"link-more\"><a href=\"https:\/\/www.investors-communication-group.de\/index.php\/der-verein\/mitgliedschaft\/\" class=\"more-link\"><span class=\"screen-reader-text\">\u201eMitgliedschaft\u201c<\/span> weiterlesen<\/a><\/p>\n","protected":false},"author":1,"featured_media":0,"parent":63,"menu_order":2,"comment_status":"closed","ping_status":"closed","template":"","meta":[],"_links":{"self":[{"href":"https:\/\/www.investors-communication-group.de\/index.php\/wp-json\/wp\/v2\/pages\/74"}],"collection":[{"href":"https:\/\/www.investors-communication-group.de\/index.php\/wp-json\/wp\/v2\/pages"}],"about":[{"href":"https:\/\/www.investors-communication-group.de\/index.php\/wp-json\/wp\/v2\/types\/page"}],"author":[{"embeddable":true,"href":"https:\/\/www.investors-communication-group.de\/index.php\/wp-json\/wp\/v2\/users\/1"}],"replies":[{"embeddable":true,"href":"https:\/\/www.investors-communication-group.de\/index.php\/wp-json\/wp\/v2\/comments?post=74"}],"version-history":[{"count":11,"href":"https:\/\/www.investors-communication-group.de\/index.php\/wp-json\/wp\/v2\/pages\/74\/revisions"}],"predecessor-version":[{"id":438,"href":"https:\/\/www.investors-communication-group.de\/index.php\/wp-json\/wp\/v2\/pages\/74\/revisions\/438"}],"up":[{"embeddable":true,"href":"https:\/\/www.investors-communication-group.de\/index.php\/wp-json\/wp\/v2\/pages\/63"}],"wp:attachment":[{"href":"https:\/\/www.investors-communication-group.de\/index.php\/wp-json\/wp\/v2\/media?parent=74"}],"curies":[{"name":"wp","href":"https:\/\/api.w.org\/{rel}","templated":true}]}}