{"id":69,"date":"2018-06-08T12:33:22","date_gmt":"2018-06-08T10:33:22","guid":{"rendered":"http:\/\/www.investors-communication-group.de\/wpicg\/?page_id=69"},"modified":"2018-06-08T15:33:52","modified_gmt":"2018-06-08T13:33:52","slug":"aufgaben-und-ziele","status":"publish","type":"page","link":"https:\/\/www.investors-communication-group.de\/index.php\/der-verein\/aufgaben-und-ziele\/","title":{"rendered":"Aufgaben und Ziele"},"content":{"rendered":"<p><i class=\"contentitalic\">&#8222;Zweck der ICG ist es, Interessen von Anlegern und Aktion\u00e4ren, insbesondere von Minderheitsaktion\u00e4ren, wahrzunehmen, Mitglieder oder Stimmengeber gegen\u00fcber Gesetzgeber, Mehrheitsaktion\u00e4ren oder Unternehmensleitungen zu vertreten und das Privateigentum zu sch\u00fctzen&#8220;<\/i><br \/>\n(aus der Satzung ICG e.V. \u00a72)<\/p>\n<p>Die F\u00f6rderung der Verbraucherberatung und des Verbraucherschutzes im Aktienanlagebereich, die F\u00f6rderung der Kriminalpr\u00e4vention sowie der aktive Einsatz f\u00fcr eine Verbesserung der Aktion\u00e4rsdemokratie sind konkrete Aufgabenfelder des ICG e.V.<\/p>\n<p>Als Aktion\u00e4r ist es wichtig, seine Rechte zu kennen &#8211; genau wie die Pflichten, die einem Vorstand und Aufsichtsrat einer Gesellschaft obliegen. Arbeitskreise und Seminare zur eigenen Fortbildung sind deshalb ein Bestandteil der Arbeit des ICG e.V.<br \/>\nDesweiteren verf\u00fcgen Mitglieder \u00fcber die M\u00f6glichkeit, sich einfach und zeitnah mit anderen auszutauschen, aktuelle Informationen, Meinungen und Recherche-Ergebnisse zu einzelnen Aktien mit anderen zu teilen und dadurch eigene Anlageentscheidungen besser treffen zu k\u00f6nnen.<\/p>\n<p>Gr\u00fcndungsmitglied und Vorstand Thilo Gramlich formulierte dies damals so: &#8222;<span style=\"color: #339966;\">Der ICG e.V. soll den Mitgliedern die Plattform bieten, ihr Wissen zu b\u00fcndeln und allen zug\u00e4nglich zu machen.<\/span>&#8220;<\/p>\n<p>Eigens zu diesem Zweck betreibt die Investors Communication Group e.V. ein nur den Mitgliedern zug\u00e4ngliches Forum, das Forum &#8222;plaza&#8220;. Neben der fundierten Recherche kann hier einfach mal quergedacht, hinterfragt, vermutet und fr\u00fchzeitig \u00fcber so manche Ungereimtheit des Aktienmarktes diskutiert werden.<\/p>\n<p>In Einzelf\u00e4llen &#8211; au\u00dferhalb einer ordentlichen Mitgliedschaft &#8211; kann der Vorstand auch Nicht-Mitgliedern einen vor\u00fcbergehenden Gast-Status einrichten.<\/p>\n","protected":false},"excerpt":{"rendered":"<p>&#8222;Zweck der ICG ist es, Interessen von Anlegern und Aktion\u00e4ren, insbesondere von Minderheitsaktion\u00e4ren, wahrzunehmen, Mitglieder oder Stimmengeber gegen\u00fcber Gesetzgeber, Mehrheitsaktion\u00e4ren oder Unternehmensleitungen zu vertreten und das Privateigentum zu sch\u00fctzen&#8220; (aus der Satzung ICG e.V. \u00a72) Die F\u00f6rderung der Verbraucherberatung und des Verbraucherschutzes im Aktienanlagebereich, die F\u00f6rderung der Kriminalpr\u00e4vention sowie der aktive Einsatz f\u00fcr eine Verbesserung &hellip; <\/p>\n<p class=\"link-more\"><a href=\"https:\/\/www.investors-communication-group.de\/index.php\/der-verein\/aufgaben-und-ziele\/\" class=\"more-link\"><span class=\"screen-reader-text\">\u201eAufgaben und Ziele\u201c<\/span> weiterlesen<\/a><\/p>\n","protected":false},"author":1,"featured_media":0,"parent":63,"menu_order":1,"comment_status":"closed","ping_status":"closed","template":"","meta":[],"_links":{"self":[{"href":"https:\/\/www.investors-communication-group.de\/index.php\/wp-json\/wp\/v2\/pages\/69"}],"collection":[{"href":"https:\/\/www.investors-communication-group.de\/index.php\/wp-json\/wp\/v2\/pages"}],"about":[{"href":"https:\/\/www.investors-communication-group.de\/index.php\/wp-json\/wp\/v2\/types\/page"}],"author":[{"embeddable":true,"href":"https:\/\/www.investors-communication-group.de\/index.php\/wp-json\/wp\/v2\/users\/1"}],"replies":[{"embeddable":true,"href":"https:\/\/www.investors-communication-group.de\/index.php\/wp-json\/wp\/v2\/comments?post=69"}],"version-history":[{"count":3,"href":"https:\/\/www.investors-communication-group.de\/index.php\/wp-json\/wp\/v2\/pages\/69\/revisions"}],"predecessor-version":[{"id":72,"href":"https:\/\/www.investors-communication-group.de\/index.php\/wp-json\/wp\/v2\/pages\/69\/revisions\/72"}],"up":[{"embeddable":true,"href":"https:\/\/www.investors-communication-group.de\/index.php\/wp-json\/wp\/v2\/pages\/63"}],"wp:attachment":[{"href":"https:\/\/www.investors-communication-group.de\/index.php\/wp-json\/wp\/v2\/media?parent=69"}],"curies":[{"name":"wp","href":"https:\/\/api.w.org\/{rel}","templated":true}]}}