{"id":113,"date":"2018-06-08T13:35:12","date_gmt":"2018-06-08T11:35:12","guid":{"rendered":"http:\/\/www.investors-communication-group.de\/wpicg\/?page_id=113"},"modified":"2018-06-08T14:07:30","modified_gmt":"2018-06-08T12:07:30","slug":"rechtliche-hinweise-datenschutz","status":"publish","type":"page","link":"https:\/\/www.investors-communication-group.de\/index.php\/kontakt\/rechtliche-hinweise-datenschutz\/","title":{"rendered":"Rechtliche Hinweise"},"content":{"rendered":"<h1 id=\"a2\" class=\"heading1\">Disclaimer &#8211; Rechtliche Hinweise<\/h1>\n<h2 id=\"a3\" class=\"heading2\">(1) Haftungsbeschr\u00e4nkung<\/h2>\n<h3 id=\"a4\" class=\"heading3\">Inhalte dieser Website<\/h3>\n<p>Die Inhalte dieser Website werden mit gr\u00f6\u00dftm\u00f6glicher Sorgfalt erstellt. Der Anbieter \u00fcbernimmt jedoch keine Gew\u00e4hr f\u00fcr die Richtigkeit, Vollst\u00e4ndigkeit und Aktualit\u00e4t der bereitgestellten Inhalte. Die Nutzung der abrufbaren Inhalte erfolgt auf eigene Gefahr des Nutzers. Die Inhalte der Website stellen weder Rechts-, noch Steuer- oder Anlageberatung dar und geben ausschlie\u00dflich die pers\u00f6nliche Meinung der Verfasser wieder. Namentlich gekennzeichnete Beitr\u00e4ge geben die Meinung des jeweiligen Autors und nicht immer die Meinung des Anbieters wieder.<\/p>\n<h3 id=\"a5\" class=\"heading3\">Verf\u00fcgbarkeit der Website<\/h3>\n<p>Der Anbieter wird sich bem\u00fchen, den Dienst m\u00f6glichst unterbrechungsfrei zum Abruf anzubieten. Auch bei aller Sorgfalt k\u00f6nnen aber Ausfallzeiten nicht ausgeschlossen werden. Der Anbieter beh\u00e4lt sich das Recht vor, sein Angebot jederzeit zu \u00e4ndern oder einzustellen.<\/p>\n<p>Externe Links<\/p>\n<p>Diese Website enth\u00e4lt Verkn\u00fcpfungen zu Websites Dritter (&#8222;externe Links&#8220;). Diese Websites unterliegen der Haftung der jeweiligen Betreiber. Der Anbieter hat bei der erstmaligen Verkn\u00fcpfung der externen Links die fremden Inhalte daraufhin \u00fcberpr\u00fcft, ob etwaige Rechtsverst\u00f6\u00dfe bestehen. Zu dem Zeitpunkt waren keine Rechtsverst\u00f6\u00dfe ersichtlich. Der Anbieter hat keinerlei Einfluss auf die aktuelle und zuk\u00fcnftige Gestaltung und auf die Inhalte der verkn\u00fcpften Seiten. Das Setzen von externen Links bedeutet nicht, dass sich der Anbieter die hinter dem Verweis oder Link liegenden Inhalte zu Eigen macht. Eine st\u00e4ndige Kontrolle dieser externen Links ist f\u00fcr den Anbieter ohne konkrete Hinweise auf Rechtsverst\u00f6\u00dfe nicht zumutbar. Bei Kenntnis von Rechtsverst\u00f6\u00dfen werden jedoch derartige externe Links unverz\u00fcglich gel\u00f6scht.<br \/>\nWerbeanzeigen<\/p>\n<p>F\u00fcr den Inhalt der Werbeanzeigen ist der jeweilige Autor verantwortlich, ebenso wie f\u00fcr den Inhalt der beworbenen Website. Die Darstellung der Werbeanzeige stellt keine Akzeptanz durch den Anbieter dar.<\/p>\n<h3 id=\"a7\" class=\"heading3\">Kein Vertragsverh\u00e4ltnis<\/h3>\n<p>Mit der Nutzung der Website des Anbieters kommt keinerlei Vertragsverh\u00e4ltnis zwischen dem Nutzer und dem Anbieter zustande. Insofern ergeben sich auch keinerlei vertragliche oder quasivertragliche Anspr\u00fcche gegen den Anbieter. F\u00fcr den Fall, dass die Nutzung der Website doch zu einem Vertragsverh\u00e4ltnis f\u00fchren sollte, gilt rein vorsorglich nachfolgende Haftungsbeschr\u00e4nkung: Der Anbieter haftet f\u00fcr Vorsatz und grobe Fahrl\u00e4ssigkeit sowie bei Verletzung einer wesentlichen Vertragspflicht (Kardinalpflicht). Der Anbieter haftet unter Begrenzung auf Ersatz des bei Vertragsschluss vorhersehbaren vertragstypischen Schadens f\u00fcr solche Sch\u00e4den, die auf einer leicht fahrl\u00e4ssigen Verletzung von Kardinalpflichten durch ihn oder eines seiner gesetzlichen Vertreter oder Erf\u00fcllungsgehilfen beruhen. Bei leicht fahrl\u00e4ssiger Verletzung von Nebenpflichten, die keine Kardinalpflichten sind, haftet der Anbieter nicht. Die Haftung f\u00fcr Sch\u00e4den, die in den Schutzbereich einer vom Anbieter gegebenen Garantie oder Zusicherung fallen sowie die Haftung f\u00fcr Anspr\u00fcche aufgrund des Produkthaftungsgesetzes und Sch\u00e4den aus der Verletzung des Lebens, des K\u00f6rpers oder der Gesundheit bleibt hiervon unber\u00fchrt.<\/p>\n<h2 id=\"a8\" class=\"heading2\">(2) Urheberrecht<\/h2>\n<p>Die auf dieser Website ver\u00f6ffentlichten Inhalte und Werke sind urheberrechtlich gesch\u00fctzt. Jede vom deutschen Urheberrecht nicht zugelassene Verwertung bedarf der vorherigen schriftlichen Zustimmung des jeweiligen Autors oder Urhebers. Dies gilt insbesondere f\u00fcr Vervielf\u00e4ltigung, Bearbeitung, \u00dcbersetzung, Einspeicherung, Verarbeitung bzw. Wiedergabe von Inhalten in Datenbanken oder anderen elektronischen Medien und Systemen. Inhalte und Beitr\u00e4ge Dritter sind dabei als solche gekennzeichnet. Die unerlaubte Vervielf\u00e4ltigung oder Weitergabe einzelner Inhalte oder kompletter Seiten ist nicht gestattet und strafbar. Lediglich die Herstellung von Kopien und Downloads f\u00fcr den pers\u00f6nlichen, privaten und nichtkommerziellen Gebrauch ist erlaubt.<\/p>\n<p>Links zur Website des Anbieters sind jederzeit willkommen und bed\u00fcrfen keiner Zustimmung durch den Anbieter der Website. Die Darstellung dieser Website in fremden Frames ist nur mit Erlaubnis zul\u00e4ssig.<\/p>\n<h2 id=\"a9\" class=\"heading2\">(3) Datenschutz<\/h2>\n<p>Die verantwortliche Stelle im Sinne EU-Datenschutzgrundverordnung(DSGVO)und f\u00fcr die Datenverarbeitung dieser Webseite ist:<br \/>\nICG e.V.<br \/>\nc\/o Rechtsanw\u00e4ltin Marion Kostinek<br \/>\nOberh\u00f6chst\u00e4dter Weg 2<br \/>\n60488 Frankfurt am Main<\/p>\n<p>Durch den Besuch dieser Webseite k\u00f6nnen Informationen \u00fcber den Zugriff auf dem Server gespeichert werden. Wir sind bem\u00fcht, lediglich die f\u00fcr eine technisch einwandfreie Funktion der Webseite n\u00f6tigen Daten zu speichern. Wir orientieren uns an den Grunds\u00e4tzen der Datenvermeidung und der Datensparsamkeit.<\/p>\n<p>In Server-Log-Dateien erhebt und speichert der Provider der Website \u00fcblicherweise Informationen, die Ihr Browser automatisch an uns \u00fcbermittelt. Diese Daten dienen der Systemsicherheit und -stabilit\u00e4t sowie administrativen Zwecken. Die erhobenen Daten sind:<br \/>\n\u2022 Browsertyp und Browserversion<br \/>\n\u2022 Verwendetes Betriebssystem<br \/>\n\u2022 Referrer URL<br \/>\n\u2022 Hostname des zugreifenden Rechners<br \/>\n\u2022 Uhrzeit der Serveranfrage<br \/>\n\u2022 IP-Adresse<br \/>\nDiese Daten werden nicht mit anderen Datenquellen zusammengef\u00fchrt. Eine Weitergabe an Dritte, zu kommerziellen oder nichtkommerziellen Zwecken, findet nicht statt. Grundlage der Datenverarbeitung bildet Art. 6 Abs. 1 lit. b DSGVO, der die Verarbeitung von Daten zur Erf\u00fcllung eines Vertrags oder vorvertraglicher Ma\u00dfnahmen gestattet.<\/p>\n<p>Die per Kontaktformular \u00fcbermittelten Daten werden einschlie\u00dflich Ihrer dort gemachten Angaben gespeichert, um Ihre Anfrage bearbeiten zu k\u00f6nnen oder um f\u00fcr Anschlussfragen bereitzustehen. Eine Weitergabe dieser Daten findet ohne Ihre Einwilligung nicht statt. \u00dcber das Kontaktformular \u00fcbermittelte Daten verbleiben bei uns, bis Sie uns zur L\u00f6schung auffordern, Ihre Einwilligung zur Speicherung widerrufen oder keine Notwendigkeit der Datenspeicherung mehr besteht. F\u00fcr den Widerruf gen\u00fcgt eine formlose Mitteilung per E-Mail und ist jederzeit m\u00f6glich. Sie haben das Recht auf Auskunft \u00fcber die bei uns gespeicherten Daten und deren Verarbeitung. Bei Fragen wenden Sie sich bitte an die oben genannte Adresse.<\/p>\n<p>Desweiteren k\u00f6nnen Daten auf dem Computer des Webseitennutzers gespeichert werden. Diese Daten nennt man &#8222;Cookie&#8220;. Sie dienen dazu, das Zugriffsverhalten der Nutzer zu vereinfachen. Sie haben als Nutzer jedoch die M\u00f6glichkeit, mittels Ihres Browsers das Setzen von Cookies zu \u00fcberwachen, einzuschr\u00e4nken oder zu unterbinden. In diesem Fall k\u00f6nnte es zu Einschr\u00e4nkungen der Bedienbarkeit unserer Webseite kommen. Als Betreiber dieser Website haben wir ein berechtigtes Interesse an der Speicherung von Cookies zur technisch fehlerfreien und reibungslosen Bereitstellung unserer Dienste.<\/p>\n<p>Wir weisen ausdr\u00fccklich darauf hin, dass die Daten\u00fcbertragung im Internet (z.B. bei der Kommunikation per E-Mail) Sicherheitsl\u00fccken aufweisen und nicht l\u00fcckenlos vor dem Zugriff durch Dritte gesch\u00fctzt werden kann.<\/p>\n<p>Wir behalten uns vor, diese Datenschutzerkl\u00e4rung anzupassen, damit sie stets den aktuellen rechtlichen Anforderungen entspricht.<\/p>\n<p>Die Verwendung der Kontaktdaten der Anbieterkennzeichnung &#8211; insbesondere der Telefon-\/Faxnummern und E-Mailadresse &#8211; zur gewerblichen Werbung ist ausdr\u00fccklich nicht erw\u00fcnscht, es sei denn der Anbieter hatte zuvor seine schriftliche Einwilligung erteilt oder es besteht bereits ein gesch\u00e4ftlicher Kontakt. Der Anbieter und alle auf dieser Website genannten Personen widersprechen hiermit jeder kommerziellen Verwendung und Weitergabe ihrer Daten.<\/p>\n<h2 id=\"a10\" class=\"heading2\">(4) Anwendbares Recht<\/h2>\n<p>Es gilt ausschlie\u00dflich das ma\u00dfgebliche Recht der Bundesrepublik Deutschland.<\/p>\n<h2 id=\"a11\" class=\"heading2\">(5) Besondere Nutzungsbedingungen<\/h2>\n<p>Soweit besondere Bedingungen f\u00fcr einzelne Nutzungen dieser Website von den vorgenannten Punkten (1) bis (4) abweichen, wird an entsprechender Stelle ausdr\u00fccklich darauf hingewiesen. In diesem Falle gelten im jeweiligen Einzelfall die besonderen Nutzungsbedingungen.<\/p>\n","protected":false},"excerpt":{"rendered":"<p>Disclaimer &#8211; Rechtliche Hinweise (1) Haftungsbeschr\u00e4nkung Inhalte dieser Website Die Inhalte dieser Website werden mit gr\u00f6\u00dftm\u00f6glicher Sorgfalt erstellt. Der Anbieter \u00fcbernimmt jedoch keine Gew\u00e4hr f\u00fcr die Richtigkeit, Vollst\u00e4ndigkeit und Aktualit\u00e4t der bereitgestellten Inhalte. Die Nutzung der abrufbaren Inhalte erfolgt auf eigene Gefahr des Nutzers. Die Inhalte der Website stellen weder Rechts-, noch Steuer- oder Anlageberatung &hellip; <\/p>\n<p class=\"link-more\"><a href=\"https:\/\/www.investors-communication-group.de\/index.php\/kontakt\/rechtliche-hinweise-datenschutz\/\" class=\"more-link\"><span class=\"screen-reader-text\">\u201eRechtliche Hinweise\u201c<\/span> weiterlesen<\/a><\/p>\n","protected":false},"author":1,"featured_media":0,"parent":11,"menu_order":3,"comment_status":"closed","ping_status":"closed","template":"","meta":[],"_links":{"self":[{"href":"https:\/\/www.investors-communication-group.de\/index.php\/wp-json\/wp\/v2\/pages\/113"}],"collection":[{"href":"https:\/\/www.investors-communication-group.de\/index.php\/wp-json\/wp\/v2\/pages"}],"about":[{"href":"https:\/\/www.investors-communication-group.de\/index.php\/wp-json\/wp\/v2\/types\/page"}],"author":[{"embeddable":true,"href":"https:\/\/www.investors-communication-group.de\/index.php\/wp-json\/wp\/v2\/users\/1"}],"replies":[{"embeddable":true,"href":"https:\/\/www.investors-communication-group.de\/index.php\/wp-json\/wp\/v2\/comments?post=113"}],"version-history":[{"count":4,"href":"https:\/\/www.investors-communication-group.de\/index.php\/wp-json\/wp\/v2\/pages\/113\/revisions"}],"predecessor-version":[{"id":120,"href":"https:\/\/www.investors-communication-group.de\/index.php\/wp-json\/wp\/v2\/pages\/113\/revisions\/120"}],"up":[{"embeddable":true,"href":"https:\/\/www.investors-communication-group.de\/index.php\/wp-json\/wp\/v2\/pages\/11"}],"wp:attachment":[{"href":"https:\/\/www.investors-communication-group.de\/index.php\/wp-json\/wp\/v2\/media?parent=113"}],"curies":[{"name":"wp","href":"https:\/\/api.w.org\/{rel}","templated":true}]}}